{"id":7765,"date":"2016-10-22T21:43:27","date_gmt":"2016-10-22T21:43:27","guid":{"rendered":"http:\/\/tipptopp.kabitik.eus\/?page_id=7765"},"modified":"2023-07-27T14:19:43","modified_gmt":"2023-07-27T12:19:43","slug":"cursos","status":"publish","type":"page","link":"https:\/\/www.tipptoppaleman.com\/eu\/ikastaroak\/","title":{"rendered":"Ikastaroak"},"content":{"rendered":"<p><\/p>\n<p>[vc_row full_width=&#8221;stretch_row&#8221; css=&#8221;.vc_custom_1481817837431{margin-bottom: 0px !important;border-bottom-width: 0px !important;}&#8221; el_id=&#8221;tipptopp&#8221;][vc_column]<div class=\"title-subtile-holder\"><h1 class=\"section-title dark_title\">IKASTAROAK, GURE ZENTROAN<\/h1><div class=\"section-border light_border\"><\/div><div class=\"section-subtitle light_subtitle\">Astean 1 \u00bd, 2 edo 3 orduko klaseak, egun batean edo bitan.<\/div><\/div>[\/vc_column][\/vc_row][vc_row full_width=&#8221;stretch_row&#8221; css=&#8221;.vc_custom_1482751686363{margin-top: 0px !important;margin-bottom: 0px !important;border-top-width: 0px !important;border-bottom-width: 0px !important;padding-top: 0px !important;background-color: #ffffff !important;}&#8221;][vc_column][vc_column_text]<\/p>\n<h3 style=\"color: #6e6e6e; text-align: center;\">HELDUAK<\/h3>\n<p style=\"color: #6e6e6e !important; text-align: center;\"><strong>Gure helburua: komunikazioa.<\/strong><br \/>\nAparteko malgutasuna: ostiral arratsaldeetan eta larunbat goizetan ere bai.<br \/>\nAlemana lanerako edo ikasketetarako behar baduzu edo, besterik gabe, gogoa duzulako ikasi nahi baduzu, hainbat aukera eskaintzen dizkizugu:<\/p>\n<p>[\/vc_column_text][\/vc_column][\/vc_row][vc_row full_width=&#8221;stretch_row&#8221; css=&#8221;.vc_custom_1482751304057{margin-top: 0px !important;margin-bottom: 0px !important;border-top-width: 0px !important;border-bottom-width: 0px !important;padding-top: 0px !important;background-color: #ffffff !important;}&#8221;][vc_column width=&#8221;1\/6&#8243;][vc_single_image image=&#8221;8566&#8243; onclick=&#8221;custom_link&#8221; img_link_target=&#8221;_blank&#8221; css=&#8221;.vc_custom_1661879741212{margin-right: 8% !important;margin-left: 8% !important;}&#8221; link=&#8221;https:\/\/www.tipptoppaleman.com\/wp-content\/uploads\/2022\/08\/Infoblatt-QR-Conversacion-eus.pdf&#8221;][vc_empty_space][vc_column_text]<\/p>\n<p style=\"color: #6e6e6e !important; text-align: center;\"><strong>Mintzamena<\/strong><br \/>\nGure gakoa praktikatzea da, ez ahazteko.<\/p>\n<p>[\/vc_column_text][\/vc_column][vc_column width=&#8221;1\/6&#8243;][vc_single_image image=&#8221;6698&#8243; onclick=&#8221;custom_link&#8221; img_link_target=&#8221;_blank&#8221; css=&#8221;.vc_custom_1661879456733{margin-right: 8% !important;margin-left: 8% !important;}&#8221; link=&#8221;https:\/\/www.tipptoppaleman.com\/wp-content\/uploads\/2022\/08\/Infoblatt-QR-Examen-eus.pdf&#8221;][vc_empty_space][vc_column_text]<\/p>\n<p style=\"color: #6e6e6e !important; text-align: center;\"><strong>Azterketa ofizialen prestaketa\u00a0<\/strong><br \/>\nGainditzen dutenen tasa oso altua dugu.<\/p>\n<p>[\/vc_column_text][\/vc_column][vc_column width=&#8221;1\/6&#8243;][vc_single_image image=&#8221;6684&#8243; onclick=&#8221;custom_link&#8221; img_link_target=&#8221;_blank&#8221; css=&#8221;.vc_custom_1661879333615{margin-right: 8% !important;margin-left: 8% !important;}&#8221; link=&#8221;https:\/\/www.tipptoppaleman.com\/wp-content\/uploads\/2022\/08\/Infoblatt-QR-Aleman-comercial-eus.pdf&#8221;][vc_empty_space][vc_column_text]<\/p>\n<p style=\"color: #6e6e6e !important; text-align: center;\"><strong>Aleman komertziala<\/strong><br \/>\nEgin aurre arazorik gabe azokei, bilerei eta auditoretzei.<\/p>\n<p>[\/vc_column_text][\/vc_column][vc_column width=&#8221;1\/6&#8243;][vc_single_image image=&#8221;8581&#8243; onclick=&#8221;custom_link&#8221; img_link_target=&#8221;_blank&#8221; css=&#8221;.vc_custom_1661879294989{margin-right: 8% !important;margin-left: 8% !important;}&#8221; link=&#8221;https:\/\/www.tipptoppaleman.com\/wp-content\/uploads\/2022\/08\/Infoblatt-QR-Hosteleria-eus.pdf&#8221;][vc_empty_space][vc_column_text]<\/p>\n<p style=\"color: #6e6e6e !important; text-align: center;\"><a style=\"text-decoration: none; color: #6e6e6e;\" href=\"http:\/\/www.tipptoppaleman.com\/wp-content\/uploads\/2020\/06\/2020-Infoblatt-Clases-particulares-eusk.pdf\" target=\"_blank\" rel=\"noopener\"><strong>Ostalaritzarako alemana<\/strong><br \/>\nEman arreta bezeroei beren hizkuntzan.<\/a><\/p>\n<p>[\/vc_column_text][\/vc_column][vc_column width=&#8221;1\/6&#8243;][vc_single_image image=&#8221;6695&#8243; onclick=&#8221;custom_link&#8221; img_link_target=&#8221;_blank&#8221; css=&#8221;.vc_custom_1661879262279{margin-right: 8% !important;margin-left: 8% !important;}&#8221; link=&#8221;https:\/\/www.tipptoppaleman.com\/wp-content\/uploads\/2022\/08\/Infoblatt-QR-One-to-one-eus.pdf&#8221;][vc_empty_space][vc_column_text]<\/p>\n<p style=\"color: #6e6e6e !important; text-align: center;\"><strong>Klase partikularrak<\/strong><br \/>\n% 100 zure neurrira, zuk aukeratzen duzu zer eta nola.<\/p>\n<p>[\/vc_column_text][\/vc_column][vc_column width=&#8221;1\/6&#8243;][vc_single_image image=&#8221;8573&#8243; onclick=&#8221;custom_link&#8221; img_link_target=&#8221;_blank&#8221; css=&#8221;.vc_custom_1661879202393{margin-right: 8% !important;margin-left: 8% !important;}&#8221; link=&#8221;https:\/\/www.tipptoppaleman.com\/wp-content\/uploads\/2022\/08\/Infoblatt-QR-Adultos-eus.pdf&#8221;][vc_empty_space][vc_column_text]<\/p>\n<p style=\"color: #6e6e6e !important; text-align: center;\"><strong>Ikastaroak taldean<br \/>\n<\/strong><br \/>\nTaldean dena dibertigarriagoa da.<\/p>\n<p>[\/vc_column_text][\/vc_column][\/vc_row][vc_row full_width=&#8221;stretch_row&#8221; css=&#8221;.vc_custom_1482751322977{margin-top: 0px !important;margin-bottom: 0px !important;border-top-width: 0px !important;border-bottom-width: 0px !important;padding-top: 0px !important;background-color: #ffffff !important;}&#8221;][vc_column][vc_btn title=&#8221;Informazio gehiago nahi baduzu, jarri harremanetan gurekin.&#8221; color=&#8221;orange&#8221; align=&#8221;center&#8221; link=&#8221;url:http%3A%2F%2Fwww.tipptoppaleman.com%2Fkontaktua%2F|||&#8221;][\/vc_column][\/vc_row][vc_row full_width=&#8221;stretch_row&#8221; css=&#8221;.vc_custom_1482751333841{margin-top: 0px !important;margin-bottom: 0px !important;border-top-width: 0px !important;border-bottom-width: 30px !important;padding-top: 0px !important;padding-bottom: 40px !important;background-color: #ffffff !important;}&#8221;][vc_column width=&#8221;1\/2&#8243;][vc_column_text]<\/p>\n<h3 style=\"color: #6e6e6e; text-align: right;\">UMEAK<\/h3>\n<p style=\"color: #6e6e6e; text-align: right;\"><strong>9 eta 12 urte artean<\/strong><\/p>\n<p style=\"color: #6e6e6e !important; text-align: right;\">Hezitzaileek diotenez, zenbat eta lehenago hasi hizkuntza bat ikasten, orduan eta errazagoa eta bizkorragoa izango da ikasteko prozesua. Hitzak eta egitura sintaktikoak errepikatuz joaten da hizkuntza bereganatzen haurra, gramatika-arauak kontuan izan gabe.<br \/>\nOndo pasatzea funtsezkoa da, eta, horregatik,\u00a0 ahalegina egiten dugu haurren jakin-mina pizteko eta ondo pasatzeko.<\/p>\n<p>[\/vc_column_text][vc_empty_space][vc_row_inner][vc_column_inner width=&#8221;1\/2&#8243;][\/vc_column_inner][vc_column_inner width=&#8221;1\/2&#8243;][vc_btn title=&#8221;HAURREN BIDEOA&#8221; color=&#8221;orange&#8221; i_icon_fontawesome=&#8221;fas fa-caret-square-right&#8221; add_icon=&#8221;true&#8221; link=&#8221;url:https%3A%2F%2Fwww.youtube.com%2Fwatch%3Fv%3DC6oGKGmkcmE|target:_blank&#8221;][\/vc_column_inner][\/vc_row_inner][\/vc_column][vc_column width=&#8221;1\/2&#8243;][vc_column_text]<\/p>\n<h3 style=\"color: #6e6e6e;\">GAZTEAK<\/h3>\n<p style=\"color: #6e6e6e;\"><strong>12 eta 15 urte artean<\/strong><\/p>\n<p style=\"color: #6e6e6e !important;\">Gazteentzat erakargarria izan daiteke Alemaniako unibertsitatearen mundua; hango unibertsitate-hezkuntza publikoa bikaina da, eta Espainian baino merkeagoa.<br \/>\nBesteengandik desberdindu nahi dutenentzat, alemana aukera paregabea da, lan-munduan ate berriak zabaltzen baititu, batez ere, industriaren sektorean.<\/p>\n<p>[\/vc_column_text][vc_empty_space][vc_row_inner][vc_column_inner width=&#8221;1\/2&#8243;][\/vc_column_inner][vc_column_inner width=&#8221;1\/2&#8243;][vc_btn title=&#8221;GAZTEEN BIDEOA&#8221; color=&#8221;orange&#8221; i_icon_fontawesome=&#8221;fas fa-caret-square-right&#8221; add_icon=&#8221;true&#8221; link=&#8221;url:https%3A%2F%2Fwww.youtube.com%2Fwatch%3Fv%3DBVXzR9MOxGE|target:_blank&#8221;][\/vc_column_inner][\/vc_row_inner][\/vc_column][\/vc_row][vc_row full_width=&#8221;stretch_row&#8221; css=&#8221;.vc_custom_1481817954629{margin-top: 0px !important;margin-bottom: 0px !important;border-top-width: 0px !important;border-bottom-width: 0px !important;padding-bottom: 0px !important;background-color: #f2f2f2 !important;}&#8221; el_id=&#8221;empresas&#8221;][vc_column]<div class=\"title-subtile-holder\"><h1 class=\"section-title dark_title\">IKASTAROAK ENPRESETAN<\/h1><div class=\"section-border dark_border\"><\/div><div class=\"section-subtitle dark_subtitle\">Aleman komertziala<\/div><\/div>[vc_row_inner css=&#8221;.vc_custom_1480379502192{margin-bottom: 0px !important;border-bottom-width: 0px !important;padding-bottom: 0px !important;}&#8221;][vc_column_inner width=&#8221;1\/2&#8243;][vc_single_image image=&#8221;8077&#8243; img_size=&#8221;full&#8221; alignment=&#8221;right&#8221;][\/vc_column_inner][vc_column_inner width=&#8221;1\/2&#8243;][vc_column_text]<\/p>\n<p style=\"color: #000000;\"><strong>Egin aurre arazorik gabe azokei, bilerei eta auditoretzei.<\/strong><br \/>\nEnpresan bertan edo gure zentroan. Fundaci\u00f3n Tripartita-k hobariak ematen ditu ikastaro hauetarako.<\/p>\n<p style=\"color: #000000;\"><strong>Alemana ikasi nahi duzu, negozio-, merkataritza- edo administrazio-arrazoiak direla eta?<\/strong><br \/>\nEz itxoin gehiago, ez da beharrezkoa aurretik maila jakin bat izatea.<\/p>\n<p style=\"color: #000000;\"><strong>Hasiera-hasieratik aleman komertziala ikasteko ikastaroak. Batere alemanik ez dakitenentzat ere bai.\u2028<\/strong><br \/>\nAlemana bizkor eta eraginkortasunez ikasteko diseinatuta.\u2028 Enpresa-mundua dute ardatz: hiztegia, bilerak, telefono-deiak, posta-trukea, aurkezpenak.[\/vc_column_text][vc_empty_space][vc_btn title=&#8221;GEHIAGO JAKIN NAHI DUT&#8221; color=&#8221;danger&#8221; link=&#8221;url:https%3A%2F%2Fwww.tipptoppaleman.com%2Feu%2Fkontaktua%2F|target:_blank&#8221;][vc_column_text]<strong>Hauek dira gugan konfiantza jarri duten enpresetako batzuk.<\/strong>[\/vc_column_text][\/vc_column_inner][\/vc_row_inner][\/vc_column][\/vc_row][vc_row full_width=&#8221;stretch_row&#8221; el_class=&#8221;.home_box_wrap&#8221; css=&#8221;.vc_custom_1480379650514{margin-top: 0px !important;border-top-width: 0px !important;padding-top: 0px !important;padding-bottom: 30px !important;background-color: #f2f2f2 !important;}&#8221;][vc_column width=&#8221;1\/6&#8243;][vc_single_image image=&#8221;7918&#8243;][\/vc_column][vc_column width=&#8221;1\/6&#8243;][vc_single_image image=&#8221;8095&#8243;][\/vc_column][vc_column width=&#8221;1\/6&#8243;][vc_single_image image=&#8221;8091&#8243;][\/vc_column][vc_column width=&#8221;1\/6&#8243;][vc_single_image image=&#8221;8092&#8243;][\/vc_column][vc_column width=&#8221;1\/6&#8243; el_class=&#8221;.home_box_last&#8221;][vc_single_image image=&#8221;8179&#8243;][\/vc_column][vc_column width=&#8221;1\/6&#8243;][\/vc_column][\/vc_row][vc_row el_id=&#8221;centros&#8221;][vc_column]<div class=\"title-subtile-holder\"><h1 class=\"section-title dark_title\">IKASTAROAK IKASTETXEETAN<\/h1><div class=\"section-border dark_border\"><\/div><div class=\"section-subtitle dark_subtitle\">Etorkizun handiko hizkuntza baterako ateak zabaldu zure ikasleei.<\/div><\/div>[vc_row_inner][vc_column_inner width=&#8221;1\/2&#8243;][vc_single_image image=&#8221;8589&#8243; img_size=&#8221;full&#8221;][\/vc_column_inner][vc_column_inner width=&#8221;1\/2&#8243;][vc_column_text]<strong>Hizkuntza-eskaintza<\/strong> hedatu nahi duten zentroei zuzenduta. Lehen hezkuntzako (<strong>LH4<\/strong>tik aurrera) eta bigarren hezkuntzako (<strong>DBH<\/strong>) ikasleentzat.<\/p>\n<p>Ikastaro hau <strong>eskolaz kanpoko jarduera <\/strong>gisa sortu da berariaz; jarduera ludikoak eta akademikoak uztartzen ditu, eta<strong> entzunezko ulermena<\/strong> eta<strong> elkarrizketa<\/strong> bultzatzen ditu batez ere.<\/p>\n<p>Aholkularitza eta lankidetza eskaintzen ditugu Alemaniako ikastetxeekin trukeak antolatzeko.<\/p>\n<p>&nbsp;<\/p>\n<p>&nbsp;<\/p>\n<p><strong>2015az geroztik<\/strong>, klaseak ematen ditugu <strong> Zarauzko Lizardi Institutuan<\/strong> eta <strong>2018ko urriaz geroztik<\/strong>\u00a0baita Zarauzko <strong>Antoniano Ikastetxea<\/strong>n ere.[\/vc_column_text][\/vc_column_inner][\/vc_row_inner][\/vc_column][\/vc_row][vc_row css=&#8221;.vc_custom_1661878838332{margin-top: -100px !important;}&#8221;][vc_column][vc_btn title=&#8221;Informazio gehiago nahi dut alemaneko klasei buruz eskolaz kanpoko jarduera gisa&#8221; color=&#8221;orange&#8221; align=&#8221;center&#8221; link=&#8221;url:https%3A%2F%2Fwww.tipptoppaleman.com%2Feu%2Fkontaktua%2F|target:_blank&#8221;][\/vc_column][\/vc_row]<\/p>\n<p><\/p>","protected":false},"excerpt":{"rendered":"<p>[vc_row full_width=&#8221;stretch_row&#8221; css=&#8221;.vc_custom_1481817837431{margin-bottom: 0px !important;border-bottom-width: 0px !important;}&#8221; el_id=&#8221;tipptopp&#8221;][vc_column][\/vc_column][\/vc_row][vc_row full_width=&#8221;stretch_row&#8221; css=&#8221;.vc_custom_1482751686363{margin-top: 0px !important;margin-bottom: 0px !important;border-top-width: 0px !important;border-bottom-width: 0px !important;padding-top: 0px !important;background-color: #ffffff !important;}&#8221;][vc_column][vc_column_text] HELDUAK Gure helburua: komunikazioa. Aparteko malgutasuna: ostiral arratsaldeetan eta larunbat goizetan ere bai. Alemana lanerako edo ikasketetarako behar baduzu edo, besterik gabe, gogoa duzulako ikasi nahi baduzu, hainbat aukera eskaintzen dizkizugu: [\/vc_column_text][\/vc_column][\/vc_row][vc_row full_width=&#8221;stretch_row&#8221; [&hellip;]<\/p>\n","protected":false},"author":1,"featured_media":0,"parent":0,"menu_order":0,"comment_status":"closed","ping_status":"closed","template":"","meta":{"_joinchat":[],"footnotes":""},"class_list":["post-7765","page","type-page","status-publish","hentry"],"yoast_head":"<!-- This site is optimized with the Yoast SEO plugin v25.5 - https:\/\/yoast.com\/wordpress\/plugins\/seo\/ -->\n<title>Ikastaroak - Tipp Topp Aleman Eskola<\/title>\n<meta name=\"description\" content=\"Ikastaroen aukera zabala daukagu eta irakasteko metologia propioa erabiltzen dugu. Zatoz eta aurktu ondoen dagokizun ikastaroa.\" \/>\n<meta name=\"robots\" content=\"index, follow, max-snippet:-1, max-image-preview:large, max-video-preview:-1\" \/>\n<link rel=\"canonical\" href=\"https:\/\/www.tipptoppaleman.com\/cursos\/\" \/>\n<meta property=\"og:locale\" content=\"en_US\" \/>\n<meta property=\"og:type\" content=\"article\" \/>\n<meta property=\"og:title\" content=\"[:es]CURSOS - Academia de alem\u00e1n Tipp Topp[:eu]Ikastaroak - Tipp Topp Aleman Eskola[:]\" \/>\n<meta property=\"og:description\" content=\"{:es}Amplia variedad de cursos y metodolog\u00eda pr\u00e1ctica y comunicativa. Ven y encuentra el curso que se adapte a ti.{:eu}Ikastaroen aukera zabala daukagu eta irakasteko metologia propioa erabiltzen dugu. Zatoz eta aurktu ondoen dagokizun ikastaroa.{:}\" \/>\n<meta property=\"og:url\" content=\"https:\/\/www.tipptoppaleman.com\/cursos\/\" \/>\n<meta property=\"og:site_name\" content=\"Tipp Topp\" \/>\n<meta property=\"article:modified_time\" content=\"2023-07-27T12:19:43+00:00\" \/>\n<meta name=\"twitter:card\" content=\"summary_large_image\" \/>\n<meta name=\"twitter:label1\" content=\"Est. reading time\" \/>\n\t<meta name=\"twitter:data1\" content=\"3 minutua\" \/>\n<script type=\"application\/ld+json\" class=\"yoast-schema-graph\">{\"@context\":\"https:\/\/schema.org\",\"@graph\":[{\"@type\":\"WebPage\",\"@id\":\"https:\/\/www.tipptoppaleman.com\/cursos\/\",\"url\":\"https:\/\/www.tipptoppaleman.com\/cursos\/\",\"name\":\"[:es]CURSOS - Academia de alem\u00e1n Tipp Topp[:eu]Ikastaroak - Tipp Topp Aleman Eskola[:]\",\"isPartOf\":{\"@id\":\"https:\/\/www.tipptoppaleman.com\/#website\"},\"datePublished\":\"2016-10-22T21:43:27+00:00\",\"dateModified\":\"2023-07-27T12:19:43+00:00\",\"description\":\"{:es}Amplia variedad de cursos y metodolog\u00eda pr\u00e1ctica y comunicativa. Ven y encuentra el curso que se adapte a ti.{:eu}Ikastaroen aukera zabala daukagu eta irakasteko metologia propioa erabiltzen dugu. Zatoz eta aurktu ondoen dagokizun ikastaroa.{:}\",\"breadcrumb\":{\"@id\":\"https:\/\/www.tipptoppaleman.com\/cursos\/#breadcrumb\"},\"inLanguage\":\"eu\",\"potentialAction\":[{\"@type\":\"ReadAction\",\"target\":[\"https:\/\/www.tipptoppaleman.com\/cursos\/\"]}]},{\"@type\":\"BreadcrumbList\",\"@id\":\"https:\/\/www.tipptoppaleman.com\/cursos\/#breadcrumb\",\"itemListElement\":[{\"@type\":\"ListItem\",\"position\":1,\"name\":\"Portada\",\"item\":\"https:\/\/www.tipptoppaleman.com\/\"},{\"@type\":\"ListItem\",\"position\":2,\"name\":\"Cursos\"}]},{\"@type\":\"WebSite\",\"@id\":\"https:\/\/www.tipptoppaleman.com\/#website\",\"url\":\"https:\/\/www.tipptoppaleman.com\/\",\"name\":\"Tipp Topp\",\"description\":\"Academia de Alem\u00e1n Tipp Topp\",\"potentialAction\":[{\"@type\":\"SearchAction\",\"target\":{\"@type\":\"EntryPoint\",\"urlTemplate\":\"https:\/\/www.tipptoppaleman.com\/?s={search_term_string}\"},\"query-input\":{\"@type\":\"PropertyValueSpecification\",\"valueRequired\":true,\"valueName\":\"search_term_string\"}}],\"inLanguage\":\"eu\"}]}<\/script>\n<!-- \/ Yoast SEO plugin. -->","yoast_head_json":{"title":"Ikastaroak - Tipp Topp Aleman Eskola","description":"Ikastaroen aukera zabala daukagu eta irakasteko metologia propioa erabiltzen dugu. Zatoz eta aurktu ondoen dagokizun ikastaroa.","robots":{"index":"index","follow":"follow","max-snippet":"max-snippet:-1","max-image-preview":"max-image-preview:large","max-video-preview":"max-video-preview:-1"},"canonical":"https:\/\/www.tipptoppaleman.com\/cursos\/","og_locale":"en_US","og_type":"article","og_title":"[:es]CURSOS - Academia de alem\u00e1n Tipp Topp[:eu]Ikastaroak - Tipp Topp Aleman Eskola[:]","og_description":"{:es}Amplia variedad de cursos y metodolog\u00eda pr\u00e1ctica y comunicativa. Ven y encuentra el curso que se adapte a ti.{:eu}Ikastaroen aukera zabala daukagu eta irakasteko metologia propioa erabiltzen dugu. Zatoz eta aurktu ondoen dagokizun ikastaroa.{:}","og_url":"https:\/\/www.tipptoppaleman.com\/cursos\/","og_site_name":"Tipp Topp","article_modified_time":"2023-07-27T12:19:43+00:00","twitter_card":"summary_large_image","twitter_misc":{"Est. reading time":"3 minutua"},"schema":{"@context":"https:\/\/schema.org","@graph":[{"@type":"WebPage","@id":"https:\/\/www.tipptoppaleman.com\/cursos\/","url":"https:\/\/www.tipptoppaleman.com\/cursos\/","name":"[:es]CURSOS - Academia de alem\u00e1n Tipp Topp[:eu]Ikastaroak - Tipp Topp Aleman Eskola[:]","isPartOf":{"@id":"https:\/\/www.tipptoppaleman.com\/#website"},"datePublished":"2016-10-22T21:43:27+00:00","dateModified":"2023-07-27T12:19:43+00:00","description":"{:es}Amplia variedad de cursos y metodolog\u00eda pr\u00e1ctica y comunicativa. Ven y encuentra el curso que se adapte a ti.{:eu}Ikastaroen aukera zabala daukagu eta irakasteko metologia propioa erabiltzen dugu. Zatoz eta aurktu ondoen dagokizun ikastaroa.{:}","breadcrumb":{"@id":"https:\/\/www.tipptoppaleman.com\/cursos\/#breadcrumb"},"inLanguage":"eu","potentialAction":[{"@type":"ReadAction","target":["https:\/\/www.tipptoppaleman.com\/cursos\/"]}]},{"@type":"BreadcrumbList","@id":"https:\/\/www.tipptoppaleman.com\/cursos\/#breadcrumb","itemListElement":[{"@type":"ListItem","position":1,"name":"Portada","item":"https:\/\/www.tipptoppaleman.com\/"},{"@type":"ListItem","position":2,"name":"Cursos"}]},{"@type":"WebSite","@id":"https:\/\/www.tipptoppaleman.com\/#website","url":"https:\/\/www.tipptoppaleman.com\/","name":"Tipp Topp","description":"Academia de Alem\u00e1n Tipp Topp","potentialAction":[{"@type":"SearchAction","target":{"@type":"EntryPoint","urlTemplate":"https:\/\/www.tipptoppaleman.com\/?s={search_term_string}"},"query-input":{"@type":"PropertyValueSpecification","valueRequired":true,"valueName":"search_term_string"}}],"inLanguage":"eu"}]}},"jetpack-related-posts":[],"jetpack_sharing_enabled":true,"_links":{"self":[{"href":"https:\/\/www.tipptoppaleman.com\/eu\/wp-json\/wp\/v2\/pages\/7765","targetHints":{"allow":["GET"]}}],"collection":[{"href":"https:\/\/www.tipptoppaleman.com\/eu\/wp-json\/wp\/v2\/pages"}],"about":[{"href":"https:\/\/www.tipptoppaleman.com\/eu\/wp-json\/wp\/v2\/types\/page"}],"author":[{"embeddable":true,"href":"https:\/\/www.tipptoppaleman.com\/eu\/wp-json\/wp\/v2\/users\/1"}],"replies":[{"embeddable":true,"href":"https:\/\/www.tipptoppaleman.com\/eu\/wp-json\/wp\/v2\/comments?post=7765"}],"version-history":[{"count":195,"href":"https:\/\/www.tipptoppaleman.com\/eu\/wp-json\/wp\/v2\/pages\/7765\/revisions"}],"predecessor-version":[{"id":11583,"href":"https:\/\/www.tipptoppaleman.com\/eu\/wp-json\/wp\/v2\/pages\/7765\/revisions\/11583"}],"wp:attachment":[{"href":"https:\/\/www.tipptoppaleman.com\/eu\/wp-json\/wp\/v2\/media?parent=7765"}],"curies":[{"name":"wp","href":"https:\/\/api.w.org\/{rel}","templated":true}]}}